{"id":396,"date":"2025-03-11T17:00:42","date_gmt":"2025-03-11T15:00:42","guid":{"rendered":"https:\/\/tslespoo.fi\/wordpress\/?page_id=396"},"modified":"2025-03-19T13:11:28","modified_gmt":"2025-03-19T11:11:28","slug":"ehdokassivu","status":"publish","type":"page","link":"https:\/\/tslespoo.fi\/wordpress\/ehdokassivu\/","title":{"rendered":"Ehdokkaat"},"content":{"rendered":"\n<p>Kunta- ja aluevaalit 2025<\/p>\n\n\n\n<div style=\"height:18px\" aria-hidden=\"true\" class=\"wp-block-spacer\"><\/div>\n\n\n\n<h2 class=\"wp-block-heading has-text-align-center has-x-large-font-size\">Olemme&nbsp;k\u00e4ytett\u00e4viss\u00e4 13.4. vaaleissa!<\/h2>\n\n\n\n<div style=\"height:54px\" aria-hidden=\"true\" class=\"wp-block-spacer\"><\/div>\n\n\n\n<div class=\"wp-block-group\"><div class=\"wp-block-group__inner-container is-layout-constrained wp-block-group-is-layout-constrained\">\n<div class=\"wp-block-columns is-layout-flex wp-container-core-columns-is-layout-9d6595d7 wp-block-columns-is-layout-flex\">\n<div class=\"wp-block-column is-layout-flow wp-block-column-is-layout-flow\">\n<figure class=\"wp-block-image size-full\"><img loading=\"lazy\" decoding=\"async\" width=\"512\" height=\"512\" src=\"https:\/\/tslespoo.fi\/wordpress\/wp-content\/uploads\/2025\/03\/Maria-Guzenina-512x512px-01.jpg\" alt=\"\" class=\"wp-image-425\" srcset=\"https:\/\/tslespoo.fi\/wordpress\/wp-content\/uploads\/2025\/03\/Maria-Guzenina-512x512px-01.jpg 512w, https:\/\/tslespoo.fi\/wordpress\/wp-content\/uploads\/2025\/03\/Maria-Guzenina-512x512px-01-300x300.jpg 300w, https:\/\/tslespoo.fi\/wordpress\/wp-content\/uploads\/2025\/03\/Maria-Guzenina-512x512px-01-150x150.jpg 150w\" sizes=\"auto, (max-width: 512px) 100vw, 512px\" \/><\/figure>\n\n\n\n<h2 class=\"wp-block-heading\"><strong class=\"kunta\">453<\/strong><\/h2>\n\n\n\n<h2 class=\"wp-block-heading\">Maria Guzenina<\/h2>\n\n\n\n<details class=\"wp-block-details is-layout-flow wp-block-details-is-layout-flow\"><summary>Ehdokasesittely<\/summary>\n<p>Kokemus on osoittanut, ett\u00e4 poliittisessa ty\u00f6ss\u00e4 ihmisten kuuleminen, sinnikkyys ja pitk\u00e4j\u00e4nteisyys ovat ratkaisevia. T\u00e4m\u00e4 maailma tarvitsee enemm\u00e4n lempeytt\u00e4 ja l\u00e4mp\u00f6\u00e4, v\u00e4litt\u00e4mist\u00e4 ja ymm\u00e4rryst\u00e4 sek\u00e4 toinen toisen tukemista. Jokainen p\u00e4iv\u00e4 jonka t\u00e4\u00e4ll\u00e4 el\u00e4mme, on teht\u00e4v\u00e4 ty\u00f6t\u00e4 oikeudenmukaisen ja ihmisyytt\u00e4 ymm\u00e4rt\u00e4v\u00e4n yhteiskunnan eteen. Meid\u00e4n poliitikkojen vastuu turvallisen ja kest\u00e4v\u00e4n yhteiskunnan rakentamisesta on erityisen suuri. Ihmisten on voitava luottaa siihen, ett\u00e4 me p\u00e4\u00e4tt\u00e4j\u00e4t ymm\u00e4rr\u00e4mme maailman lainalaisuuksia sek\u00e4 ihmisel\u00e4m\u00e4n perusasioita. Siit\u00e4 kaikki poliittinen ty\u00f6 l\u00e4htee.<\/p>\n<\/details>\n<\/div>\n\n\n\n<div class=\"wp-block-column is-layout-flow wp-block-column-is-layout-flow\">\n<figure class=\"wp-block-image size-full\"><img loading=\"lazy\" decoding=\"async\" width=\"512\" height=\"512\" src=\"https:\/\/tslespoo.fi\/wordpress\/wp-content\/uploads\/2025\/03\/Leo-Heiskanen-512x512px-01.jpg\" alt=\"\" class=\"wp-image-404\" srcset=\"https:\/\/tslespoo.fi\/wordpress\/wp-content\/uploads\/2025\/03\/Leo-Heiskanen-512x512px-01.jpg 512w, https:\/\/tslespoo.fi\/wordpress\/wp-content\/uploads\/2025\/03\/Leo-Heiskanen-512x512px-01-300x300.jpg 300w, https:\/\/tslespoo.fi\/wordpress\/wp-content\/uploads\/2025\/03\/Leo-Heiskanen-512x512px-01-150x150.jpg 150w\" sizes=\"auto, (max-width: 512px) 100vw, 512px\" \/><\/figure>\n\n\n\n<h2 class=\"wp-block-heading\"><strong class=\"kunta\">456<\/strong><\/h2>\n\n\n\n<h2 class=\"wp-block-heading\">Leo Heiskanen<\/h2>\n\n\n\n<details class=\"wp-block-details is-layout-flow wp-block-details-is-layout-flow\"><summary>Ehdokasesittely<\/summary>\n<p>Olen Leo Lexa Heiskanen 71-vuotias valmennusp\u00e4\u00e4llikk\u00f6, liikuntalautakunnan pj. ja varavaltuutettu.<br>Kotiseutuaktiivi Kivenlahden pihasta Espoon kaupungin rajoille.<br>Vaimoni Mervin kanssa meill\u00e4 on kolme lasta ja kuusi lastenlasta. Kaikkien kanssa leikit\u00e4\u00e4n ja liikutaan.<\/p>\n\n\n\n<p>Liikunta ja urheilu ovat olleet syd\u00e4men asia lapsuudesta alkaen. Ty\u00f6urani tein urheilun j\u00e4rjest\u00f6- ja valmennusteht\u00e4viss\u00e4 70-luvulta l\u00e4htien. Viimeiset 20 vuotta siit\u00e4 EPSn jalkapallon valmennusp\u00e4\u00e4likk\u00f6n\u00e4.<br>&#8221;Kaikki ovat t\u00e4rkeit\u00e4. Kaikkea voi kehitt\u00e4\u00e4.&#8221;<\/p>\n\n\n\n<p>Kun kuulen, &#8221;ei se kuitenkaan onnistu&#8221;, hymyilen hiljaa mieless\u00e4ni. Ja ajattelen Martti is\u00e4\u00e4ni.<\/p>\n\n\n\n<p>Raili \u00e4itini ohje viel\u00e4 saattohoidossa oli, &#8221;heikompaa autetaan&#8221;.<\/p>\n\n\n\n<p><a href=\"https:\/\/leolexa.net\">www.leolexa.net<\/a><\/p>\n<\/details>\n<\/div>\n\n\n\n<div class=\"wp-block-column is-layout-flow wp-block-column-is-layout-flow\">\n<figure class=\"wp-block-image size-full\"><img loading=\"lazy\" decoding=\"async\" width=\"512\" height=\"512\" src=\"https:\/\/tslespoo.fi\/wordpress\/wp-content\/uploads\/2025\/03\/Martti_Hellstrom-512x512px-01.jpg\" alt=\"\" class=\"wp-image-406\" srcset=\"https:\/\/tslespoo.fi\/wordpress\/wp-content\/uploads\/2025\/03\/Martti_Hellstrom-512x512px-01.jpg 512w, https:\/\/tslespoo.fi\/wordpress\/wp-content\/uploads\/2025\/03\/Martti_Hellstrom-512x512px-01-300x300.jpg 300w, https:\/\/tslespoo.fi\/wordpress\/wp-content\/uploads\/2025\/03\/Martti_Hellstrom-512x512px-01-150x150.jpg 150w\" sizes=\"auto, (max-width: 512px) 100vw, 512px\" \/><\/figure>\n\n\n\n<h2 class=\"wp-block-heading\"><strong class=\"kunta\">459<\/strong><\/h2>\n\n\n\n<h2 class=\"wp-block-heading\">Martti Hellstr\u00f6m<\/h2>\n\n\n\n<details class=\"wp-block-details is-layout-flow wp-block-details-is-layout-flow\"><summary>Ehdokasesittely<\/summary>\n<p>Olen 70-vuotias KT, opetusneuvos, oppi- ja tietokirjailija, puoliso, is\u00e4, ukki ja kouluvaari. J\u00e4in 2014 el\u00e4kkeelle Auroran koulun rehtorina 25 vuoden pestin j\u00e4lkeen. Olin kymmeni\u00e4 vuosia mukana opettajien edunvalvonnasta. Luokanopettajan p\u00e4\u00e4toimittaja olin parikymment\u00e4 vuotta. OAJ my\u00f6nsi minulle vuoden 2022 koulutusvaikuttajan tunnustuksen. El\u00e4kkeell\u00e4 jatkan opettajien ja rehtorien koulutusta Suomessa ja v\u00e4h\u00e4n maailmallakin.<\/p>\n\n\n\n<p>L\u00e4hdin kuntapolitiikkaan 2012 ajaakseni lasten, nuorten ja perheiden asiaa. Uskon, ett\u00e4 koulutus edist\u00e4\u00e4 laajasti hyvinvointia.<br><br>Olen ollut  demarien valtuustoryhm\u00e4ss\u00e4 kolme kautta, viimeisen varavaltuutettuna. Olen ollut kaksi kautta oppimisen ja lautakunnan j\u00e4senen\u00e4,  yhden kauden nuorten elinvoimaisuusohjelman puheenjohtajana ja yhden kauden Kest\u00e4v\u00e4 Espoo-kehitysohjelman j\u00e4senen\u00e4. Olen oman yhdistyksemme ja kunnallisj\u00e4rjest\u00f6n  varapuheenjohtaja.<\/p>\n<\/details>\n<\/div>\n<\/div>\n<\/div><\/div>\n\n\n\n<div class=\"wp-block-group\"><div class=\"wp-block-group__inner-container is-layout-constrained wp-block-group-is-layout-constrained\">\n<div class=\"wp-block-columns is-layout-flex wp-container-core-columns-is-layout-9d6595d7 wp-block-columns-is-layout-flex\">\n<div class=\"wp-block-column is-layout-flow wp-block-column-is-layout-flow\">\n<figure class=\"wp-block-image size-full\"><img loading=\"lazy\" decoding=\"async\" width=\"512\" height=\"512\" src=\"https:\/\/tslespoo.fi\/wordpress\/wp-content\/uploads\/2025\/03\/Joona-Koski-512x512px-01.jpg\" alt=\"\" class=\"wp-image-403\" srcset=\"https:\/\/tslespoo.fi\/wordpress\/wp-content\/uploads\/2025\/03\/Joona-Koski-512x512px-01.jpg 512w, https:\/\/tslespoo.fi\/wordpress\/wp-content\/uploads\/2025\/03\/Joona-Koski-512x512px-01-300x300.jpg 300w, https:\/\/tslespoo.fi\/wordpress\/wp-content\/uploads\/2025\/03\/Joona-Koski-512x512px-01-150x150.jpg 150w\" sizes=\"auto, (max-width: 512px) 100vw, 512px\" \/><\/figure>\n\n\n\n<h2 class=\"wp-block-heading\"><strong class=\"kunta\">479<\/strong><\/h2>\n\n\n\n<h2 class=\"wp-block-heading\">Joona Koski<\/h2>\n\n\n\n<details class=\"wp-block-details is-layout-flow wp-block-details-is-layout-flow\"><summary>Ehdokasesittely<\/summary>\n<p>Olen 18-vuotias espoolainen yritt\u00e4j\u00e4 ja aktiivinen jalkapalloilija. Arvoihini kuuluvat oikeudenmukaisuus, ymp\u00e4rist\u00f6yst\u00e4v\u00e4llisyys sek\u00e4 kannustava ja mahdollistava yhteiskunta. Haluan olla mukana rakentamassa Espoota, jossa nuorilla on aidot mahdollisuudet menesty\u00e4, harrastaa ja rakentaa tulevaisuuttaan.<\/p>\n\n\n\n<p>Espoon on tarjottava nuorille aikuisille enemm\u00e4n ty\u00f6- ja koulutusmahdollisuuksia. Ty\u00f6paikat ja yritt\u00e4jyyden tukeminen ovat avainasemassa, kun haluamme vahvistaa kaupungin elinvoimaa. Valmistuville nuorille tulee tarjota kattavaa tietoa yritt\u00e4jyydest\u00e4, jotta yh\u00e4 useampi uskaltaa ottaa askeleen kohti omaa yrityst\u00e4.<\/p>\n\n\n\n<p>Urheilun ja harrastusten merkityst\u00e4 ei voi sivuuttaa. Tapiolan uusi jalkapallostadion on erinomainen ja pitk\u00e4\u00e4n kaivattu hanke, joka vihdoin tuo Espoon edustusjalkapallolle sen tarvitsemat tilat ja tarjoaa perheille uuden paikan yhteiseen ajanviettoon. Stadionhanke on tulossa kaupunginhallituksen k\u00e4sittelyyn \u2013 ja sille on annettava vahva kyll\u00e4! Lis\u00e4ksi talvikauden harjoittelupaikkojen m\u00e4\u00e4r\u00e4\u00e4 on lis\u00e4tt\u00e4v\u00e4, jotta nuorten jalkapalloharrastus voidaan turvata ymp\u00e4rivuotisesti.<\/p>\n\n\n\n<p>Espoon kasvu tuo hyvinvointia, mutta kasvu ei synny itsest\u00e4\u00e4n. Kaupunkimme on teht\u00e4v\u00e4 houkuttelevaksi. T\u00e4ss\u00e4 avainasemassa on kunnallisveron pit\u00e4minen mahdollisimman alhaisena samalla, kun varmistamme laadukkaat palvelut lapsiperheille ja nuorille.<\/p>\n\n\n\n<p>Espoossa pit\u00e4\u00e4 olla mahdollista ty\u00f6llisty\u00e4, kouluttautua ja yritt\u00e4\u00e4 \u2013 siksi ajan kunnallisveroprosentin laskua sek\u00e4 parempia ty\u00f6- ja koulutusmahdollisuuksia espoolaisille nuorille.<\/p>\n\n\n\n<p>Yst\u00e4v\u00e4llisin terveisin,<br>Joona Koski<\/p>\n<\/details>\n<\/div>\n\n\n\n<div class=\"wp-block-column is-layout-flow wp-block-column-is-layout-flow\">\n<figure class=\"wp-block-image size-full\"><img loading=\"lazy\" decoding=\"async\" width=\"512\" height=\"512\" src=\"https:\/\/tslespoo.fi\/wordpress\/wp-content\/uploads\/2025\/03\/markku-sistonen-512x512px-01.jpg\" alt=\"\" class=\"wp-image-405\" srcset=\"https:\/\/tslespoo.fi\/wordpress\/wp-content\/uploads\/2025\/03\/markku-sistonen-512x512px-01.jpg 512w, https:\/\/tslespoo.fi\/wordpress\/wp-content\/uploads\/2025\/03\/markku-sistonen-512x512px-01-300x300.jpg 300w, https:\/\/tslespoo.fi\/wordpress\/wp-content\/uploads\/2025\/03\/markku-sistonen-512x512px-01-150x150.jpg 150w\" sizes=\"auto, (max-width: 512px) 100vw, 512px\" \/><\/figure>\n\n\n\n<h2 class=\"wp-block-heading\"><strong class=\"kunta\">524<\/strong><\/h2>\n\n\n\n<h2 class=\"wp-block-heading\">Markku Sistonen<\/h2>\n\n\n\n<details class=\"wp-block-details is-layout-flow wp-block-details-is-layout-flow\"><summary>Ehdokasesittely<\/summary>\n<p>Valtuuston puheenjohtaja<\/p>\n\n\n\n<p>Liikunnan erityisasiantuntija<\/p>\n\n\n\n<p>Olen 66-vuotias syntyper\u00e4inen espoolainen. Perheeseeni kuuluvat vaimo Pauliina, kaksi aikuisik\u00e4ist\u00e4 lasta Elli ja Samuli sek\u00e4 Martta-koira.<\/p>\n\n\n\n<p>Valtuutettuna olen toiminut vuodesta 1993, vuosien varrella olen hoitanut useita eri luottamusteht\u00e4vi\u00e4. Nyt johdan kaupunginvaltuustoa ja toimin aluevaltuutettuna sek\u00e4 HUS hallituksen varapuheenjohtajana.<\/p>\n\n\n\n<p>T\u00e4ll\u00e4 kertaa olen ehdolla vain kuntavaaleissa, sill\u00e4 mielest\u00e4ni toiminen sek\u00e4 Espoon ett\u00e4 L\u00e4nsiuudenmaan aluevaltuutettuna johtaa ristiriitoihin. Mielest\u00e4ni ei ole mahdollista valvoa Espoon kaupungin ja hyvinvointialueen etua samaan aikaan.<\/p>\n\n\n\n<p>Etel\u00e4-Suomen Liikunta ja Urheilun puheenjohtajan teht\u00e4v\u00e4\u00e4 olen hoitanut 2010.<\/p>\n\n\n\n<p>Vapaa-ajalla nautin liikunnasta, kes\u00e4ll\u00e4 golf ja kuntosali l\u00e4pi vuoden.<\/p>\n\n\n\n<p>Pid\u00e4n t\u00e4rke\u00e4n\u00e4 hyv\u00e4\u00e4 taloudenpitoa, sill\u00e4 vain siten voimme turvata asukkaiden laadukkaat palvelut.<\/p>\n\n\n\n<p>Meid\u00e4n p\u00e4\u00e4tt\u00e4jien on syyt\u00e4 kuunnelle asukkaita aidosti.<\/p>\n\n\n\n<p>Kaikille turvallinen Espoo rakennetaan hyv\u00e4ss\u00e4 yhteisty\u00f6ss\u00e4 asukkaiden kanssa.<\/p>\n\n\n\n<p>Parhaat p\u00e4\u00e4t\u00f6kset syntyv\u00e4t hyv\u00e4ll\u00e4 yhteisty\u00f6ll\u00e4.<\/p>\n\n\n\n<p>Pidet\u00e4\u00e4n huolta toisistamme!<\/p>\n\n\n\n<p>Ota rohkeasti yhteytt\u00e4, <a href=\"mailto:markku.sistonen@espoo.fi\">markku.sistonen@espoo.fi<\/a> puh. 0468773884<\/p>\n\n\n\n<p><\/p>\n\n\n\n<p><\/p>\n\n\n\n<p><\/p>\n\n\n\n<p><\/p>\n\n\n\n<p><\/p>\n\n\n\n<p><\/p>\n\n\n\n<p><\/p>\n\n\n\n<p><\/p>\n\n\n\n<p><\/p>\n<\/details>\n<\/div>\n\n\n\n<div class=\"wp-block-column is-layout-flow wp-block-column-is-layout-flow\">\n<figure class=\"wp-block-image size-full\"><img loading=\"lazy\" decoding=\"async\" width=\"512\" height=\"512\" src=\"https:\/\/tslespoo.fi\/wordpress\/wp-content\/uploads\/2025\/03\/Pauliina-Sistonen-512px-01.jpg\" alt=\"\" class=\"wp-image-427\" srcset=\"https:\/\/tslespoo.fi\/wordpress\/wp-content\/uploads\/2025\/03\/Pauliina-Sistonen-512px-01.jpg 512w, https:\/\/tslespoo.fi\/wordpress\/wp-content\/uploads\/2025\/03\/Pauliina-Sistonen-512px-01-300x300.jpg 300w, https:\/\/tslespoo.fi\/wordpress\/wp-content\/uploads\/2025\/03\/Pauliina-Sistonen-512px-01-150x150.jpg 150w\" sizes=\"auto, (max-width: 512px) 100vw, 512px\" \/><\/figure>\n\n\n\n<h2 class=\"wp-block-heading\"><strong class=\"kunta\">525<\/strong><\/h2>\n\n\n\n<h2 class=\"wp-block-heading\">Pauliina Sistonen<\/h2>\n\n\n\n<details class=\"wp-block-details is-layout-flow wp-block-details-is-layout-flow\"><summary>Ehdokasesittely<\/summary>\n<p><strong>Kasvatustieteen maisteri<\/strong><\/p>\n\n\n\n<p><strong>Luokanopettaja<\/strong><\/p>\n\n\n\n<p><strong>Historian opettaja<\/strong><\/p>\n\n\n\n<p><strong>Kulttuurisihteeri<\/strong><\/p>\n\n\n\n<p>Olen ehdolla kev\u00e4\u00e4n kuntavaaleissa ensimm\u00e4ist\u00e4 kertaa. Koen, ett\u00e4 juuri nyt oli oikea aika l\u00e4hte\u00e4 ehdolle ja saada mahdollisuus p\u00e4\u00e4st\u00e4 vaikuttamaan asioihin ja p\u00e4\u00e4t\u00f6ksentekoon. Kev\u00e4\u00e4st\u00e4 tulee mielenkiintoinen ja tapahtumarikas.<\/p>\n\n\n\n<p>Olen \u00e4iti ja vaimo. Olen toiminut Espoossa opettajana vuodesta 2005. Minulle on t\u00e4rke\u00e4t\u00e4, ett\u00e4 opetukselle saadaan riitt\u00e4v\u00e4sti resurssia my\u00f6s tulevaisuudessa. Pid\u00e4n t\u00e4rkein\u00e4 asioina koulutusta, kulttuuria, harrastusmahdollisuuksia sek\u00e4 turvallista ja viihtyis\u00e4\u00e4 asuinymp\u00e4rist\u00f6\u00e4.<\/p>\n\n\n\n<p>Harrastuksiini kuuluvat mm. kulttuuri, golf, kuntosaliharjoittelu, tanssi, luontoliikunta sek\u00e4 yhteiskunnallisten asioiden seuraaminen.<\/p>\n\n\n\n<p>Oman toimen ohella olen toiminut yhteysopettajana. Luottamusteht\u00e4v\u00e4 on toiminut n\u00e4k\u00f6alapaikkana, jossa on p\u00e4\u00e4ssyt tutustumaan laajemmin opetuksen kentt\u00e4\u00e4n. Vaikuttamisty\u00f6 on ollut kiinnostavaa ja inspiroivaa.<\/p>\n\n\n\n<p>El\u00e4m\u00e4nkokemus on lis\u00e4nnyt ymm\u00e4rryst\u00e4 ja suhteellisuudentajua. Niist\u00e4 on hy\u00f6ty\u00e4 my\u00f6s p\u00e4\u00e4t\u00f6ksenteossa.<\/p>\n\n\n\n<p>Tehd\u00e4\u00e4n yhdess\u00e4 parempi Espoo!<\/p>\n\n\n\n<p>N\u00e4hd\u00e4\u00e4n vaalitoreilla!<\/p>\n<\/details>\n<\/div>\n<\/div>\n<\/div><\/div>\n\n\n\n<div class=\"wp-block-group\"><div class=\"wp-block-group__inner-container is-layout-constrained wp-block-group-is-layout-constrained\">\n<div class=\"wp-block-columns is-layout-flex wp-container-core-columns-is-layout-9d6595d7 wp-block-columns-is-layout-flex\">\n<div class=\"wp-block-column is-layout-flow wp-block-column-is-layout-flow\"><\/div>\n\n\n\n<div class=\"wp-block-column is-layout-flow wp-block-column-is-layout-flow\"><\/div>\n\n\n\n<div class=\"wp-block-column is-layout-flow wp-block-column-is-layout-flow\"><\/div>\n<\/div>\n<\/div><\/div>\n\n\n\n<div class=\"wp-block-group\"><div class=\"wp-block-group__inner-container is-layout-constrained wp-block-group-is-layout-constrained\">\n<div class=\"wp-block-columns is-layout-flex wp-container-core-columns-is-layout-9d6595d7 wp-block-columns-is-layout-flex\">\n<div class=\"wp-block-column is-layout-flow wp-block-column-is-layout-flow\">\n<figure class=\"wp-block-image size-full\"><img loading=\"lazy\" decoding=\"async\" width=\"512\" height=\"512\" src=\"https:\/\/tslespoo.fi\/wordpress\/wp-content\/uploads\/2025\/03\/Raimo-Helen-512x512px.jpg\" alt=\"\" class=\"wp-image-407\" srcset=\"https:\/\/tslespoo.fi\/wordpress\/wp-content\/uploads\/2025\/03\/Raimo-Helen-512x512px.jpg 512w, https:\/\/tslespoo.fi\/wordpress\/wp-content\/uploads\/2025\/03\/Raimo-Helen-512x512px-300x300.jpg 300w, https:\/\/tslespoo.fi\/wordpress\/wp-content\/uploads\/2025\/03\/Raimo-Helen-512x512px-150x150.jpg 150w\" sizes=\"auto, (max-width: 512px) 100vw, 512px\" \/><\/figure>\n\n\n\n<h2 class=\"wp-block-heading\"><strong class=\"kunta\">457<\/strong><strong class=\"alue\">2649<\/strong><\/h2>\n\n\n\n<h2 class=\"wp-block-heading\">Raimo Hel\u00e9n<\/h2>\n\n\n\n<details class=\"wp-block-details is-layout-flow wp-block-details-is-layout-flow\"><summary>Ehdokasesittely<\/summary>\n<p><strong>Turvallisuusasiantuntija<\/strong><\/p>\n\n\n\n<p>Olen pitk\u00e4n linjan turvallisuusasiantuntija, jolla on laaja kokemus arjen turvallisuudesta. Toimin toista kertaa ehdokkaana ja tavoitteenani on jatkaa ty\u00f6t\u00e4 turvallisuusasioiden parantamiseksi. Arjen vaaratilanteet ovat l\u00e4hell\u00e4 syd\u00e4nt\u00e4ni, ja haluan tehd\u00e4 parhaani niiden minimoinnissa.<\/p>\n\n\n\n<p><strong>Teema<\/strong><\/p>\n\n\n\n<p>Turvallisuus on arjen perusta, joka mahdollistaa hyv\u00e4n el\u00e4m\u00e4nlaadun. Olen sitoutunut vahvistamaan erityisesti perheiden arkea tukevaa turvallisuutta. Toimin luottamusteht\u00e4viss\u00e4 LU:n poliisin neuvottelukunnassa (j\u00e4sen) ja valmius- ja turvallisuuslautakunnassa (varaj\u00e4sen).<\/p>\n\n\n\n<p>Harvoin pys\u00e4hdymme miettim\u00e4\u00e4n, miten paljon turvallisuus vaikuttaa arkip\u00e4iv\u00e4\u00e4mme. Turvallinen ty\u00f6matka, luottamus terveydenhuollon toimivuuteen sairastapauksissa, turvallinen asiointi kauppakeskuksissa ja luottamus siihen, ett\u00e4 apua on saatavilla tarvittaessa, ovat kaikki esimerkkej\u00e4 turvallisuuden merkityksest\u00e4.<\/p>\n\n\n\n<p>Henkil\u00f6kohtaisen turvallisuuden osalta on ensiarvoisen t\u00e4rke\u00e4\u00e4, ett\u00e4 jokainen voi tuntea olonsa turvalliseksi omassa kodissaan ja pystyy liikkumaan kaduilla ilman pelkoa. Yhteiskunnallisen turvallisuuden haasteita ovat muun muassa jengirikollisuus ja ulkomailta tuleva rikollinen toiminta, jotka edellytt\u00e4v\u00e4t tehokkaita toimenpiteit\u00e4. Lis\u00e4ksi digitaalinen turvallisuus on yh\u00e4 t\u00e4rke\u00e4mp\u00e4\u00e4 nykyp\u00e4iv\u00e4n\u00e4, kun netti\u00e4 ja sosiaalista mediaa k\u00e4ytet\u00e4\u00e4n yh\u00e4 enemm\u00e4n. On t\u00e4rke\u00e4\u00e4, ett\u00e4 ihmisill\u00e4 on riitt\u00e4v\u00e4t tiedot ja taidot suojautua verkon uhkilta.&#8221;<\/p>\n<\/details>\n<\/div>\n\n\n\n<div class=\"wp-block-column is-layout-flow wp-block-column-is-layout-flow\">\n<figure class=\"wp-block-image size-full\"><img loading=\"lazy\" decoding=\"async\" width=\"512\" height=\"512\" src=\"https:\/\/tslespoo.fi\/wordpress\/wp-content\/uploads\/2025\/03\/Helena-Tiitinen-512x512px-01.jpg\" alt=\"\" class=\"wp-image-402\" srcset=\"https:\/\/tslespoo.fi\/wordpress\/wp-content\/uploads\/2025\/03\/Helena-Tiitinen-512x512px-01.jpg 512w, https:\/\/tslespoo.fi\/wordpress\/wp-content\/uploads\/2025\/03\/Helena-Tiitinen-512x512px-01-300x300.jpg 300w, https:\/\/tslespoo.fi\/wordpress\/wp-content\/uploads\/2025\/03\/Helena-Tiitinen-512x512px-01-150x150.jpg 150w\" sizes=\"auto, (max-width: 512px) 100vw, 512px\" \/><\/figure>\n\n\n\n<h2 class=\"wp-block-heading\"><strong class=\"kunta\">531<\/strong><strong class=\"alue\">2712<\/strong><\/h2>\n\n\n\n<h2 class=\"wp-block-heading\">Helena Tiitinen<\/h2>\n\n\n\n<details class=\"wp-block-details is-layout-flow wp-block-details-is-layout-flow\"><summary>Ehdokasesittely<\/summary>\n<p>Olen 45-vuotias paljasjalkainen espoolainen. Olen kotoisin Matinkyl\u00e4st\u00e4, nyky\u00e4\u00e4n asun N\u00f6ykki\u00f6ss\u00e4. Toimin historian ja yhteiskuntaopin opettajana yl\u00e4koulussa. On etuoikeus opettaa teinej\u00e4 ja tunnen monikulttuurisen koulumaailman hyvin ja pursuan ideoita ja kokemusta opetukseen, kotoutukseen ja lasten ja nuorten hyvinvointiin. Toimin Opettajien ammattij\u00e4rjest\u00f6n yhteysopettajana. L\u00e4hikoulun pit\u00e4\u00e4 aina olla hyv\u00e4 vaihtoehto.<\/p>\n\n\n\n<p>Asuminen on ihmisten perustarve siin\u00e4 miss\u00e4 koulutus, hoiva sek\u00e4 sosiaali- ja terveyspalvelut. Julkisella sektorilla on oltava sote-palveluissa vetovastuu. Haluan edist\u00e4\u00e4 sellaista kaupunkisuunnittelua ja asuntopolitiikkaa, etteiv\u00e4t alueet eriydy, vaan jokaisella asuinalueella on turvallista ja viihtyis\u00e4\u00e4.<\/p>\n\n\n\n<p>Syd\u00e4meni sykkii yhteis\u00f6llisyydelle ja tasa-arvoisille harrastusmahdollisuuksille. Olen saanut vaikuttaa asiaan Espoon liikuntalautakunnan j\u00e4senen\u00e4 2021-2025. Tasa-arvo ja esimerkiksi tytt\u00f6jen suosikkilaji ratsastus pit\u00e4\u00e4 ottaa huomiooon kaupunkia kehitett\u00e4ess\u00e4 ja rahoitusta suunnatessa. L\u00e4hiluonto on s\u00e4ilytett\u00e4v\u00e4 jokaiselle kuntalaiselle.<\/p>\n\n\n\n<p>Lis\u00e4\u00e4 ajatuksistani ja ollaan yhteydess\u00e4: helenatiitinen.fi ja https:\/\/www.instagram.com\/helena.tiitinen\/<\/p>\n\n\n\n<p><a href=\"https:\/\/helenatiitinen.fi\">helenatiitinen.fi<\/a><\/p>\n\n\n\n<p><a href=\"https:\/\/www.instagram.com\/helena.tiitinen\/\">instagram<\/a><\/p>\n<\/details>\n<\/div>\n\n\n\n<div class=\"wp-block-column is-layout-flow wp-block-column-is-layout-flow\">\n<figure class=\"wp-block-image size-full\"><img loading=\"lazy\" decoding=\"async\" width=\"512\" height=\"512\" src=\"https:\/\/tslespoo.fi\/wordpress\/wp-content\/uploads\/2025\/03\/Empty-512px-01.jpg\" alt=\"\" class=\"wp-image-429\" srcset=\"https:\/\/tslespoo.fi\/wordpress\/wp-content\/uploads\/2025\/03\/Empty-512px-01.jpg 512w, https:\/\/tslespoo.fi\/wordpress\/wp-content\/uploads\/2025\/03\/Empty-512px-01-300x300.jpg 300w, https:\/\/tslespoo.fi\/wordpress\/wp-content\/uploads\/2025\/03\/Empty-512px-01-150x150.jpg 150w\" sizes=\"auto, (max-width: 512px) 100vw, 512px\" \/><\/figure>\n<\/div>\n<\/div>\n\n\n\n<h2 class=\"wp-block-heading has-text-align-center\">Etel\u00e4-Espoon Demarit vahva vaikuttaja.<\/h2>\n<\/div><\/div>\n\n\n\n<div class=\"wp-block-group\"><div class=\"wp-block-group__inner-container is-layout-constrained wp-block-group-is-layout-constrained\">\n<div class=\"wp-block-columns is-layout-flex wp-container-core-columns-is-layout-9d6595d7 wp-block-columns-is-layout-flex\">\n<div class=\"wp-block-column is-layout-flow wp-block-column-is-layout-flow\"><\/div>\n\n\n\n<div class=\"wp-block-column is-layout-flow wp-block-column-is-layout-flow\"><\/div>\n\n\n\n<div class=\"wp-block-column is-layout-flow wp-block-column-is-layout-flow\"><\/div>\n<\/div>\n<\/div><\/div>\n","protected":false},"excerpt":{"rendered":"<p>Kunta- ja aluevaalit 2025 Olemme&nbsp;k\u00e4ytett\u00e4viss\u00e4 13.4. vaaleissa! 453 Maria Guzenina 456 Leo Heiskanen 459 Martti Hellstr\u00f6m 479 Joona Koski 524 Markku Sistonen 525 Pauliina Sistonen 4572649 Raimo Hel\u00e9n 5312712 Helena Tiitinen Etel\u00e4-Espoon Demarit vahva vaikuttaja.<\/p>\n","protected":false},"author":3,"featured_media":0,"parent":0,"menu_order":0,"comment_status":"closed","ping_status":"closed","template":"","meta":{"footnotes":""},"class_list":["post-396","page","type-page","status-publish","hentry"],"_links":{"self":[{"href":"https:\/\/tslespoo.fi\/wordpress\/wp-json\/wp\/v2\/pages\/396","targetHints":{"allow":["GET"]}}],"collection":[{"href":"https:\/\/tslespoo.fi\/wordpress\/wp-json\/wp\/v2\/pages"}],"about":[{"href":"https:\/\/tslespoo.fi\/wordpress\/wp-json\/wp\/v2\/types\/page"}],"author":[{"embeddable":true,"href":"https:\/\/tslespoo.fi\/wordpress\/wp-json\/wp\/v2\/users\/3"}],"replies":[{"embeddable":true,"href":"https:\/\/tslespoo.fi\/wordpress\/wp-json\/wp\/v2\/comments?post=396"}],"version-history":[{"count":22,"href":"https:\/\/tslespoo.fi\/wordpress\/wp-json\/wp\/v2\/pages\/396\/revisions"}],"predecessor-version":[{"id":435,"href":"https:\/\/tslespoo.fi\/wordpress\/wp-json\/wp\/v2\/pages\/396\/revisions\/435"}],"wp:attachment":[{"href":"https:\/\/tslespoo.fi\/wordpress\/wp-json\/wp\/v2\/media?parent=396"}],"curies":[{"name":"wp","href":"https:\/\/api.w.org\/{rel}","templated":true}]}}