{"id":8,"date":"2019-02-05T21:54:40","date_gmt":"2019-02-05T19:54:40","guid":{"rendered":"http:\/\/tslespoo.fi\/wordpress\/?page_id=8"},"modified":"2022-02-13T15:44:58","modified_gmt":"2022-02-13T13:44:58","slug":"tslespoo","status":"publish","type":"page","link":"https:\/\/tslespoo.fi\/wordpress\/","title":{"rendered":"Ty\u00f6v\u00e4en sivistysliiton Espoon ja Kauniaisten opintoj\u00e4rjest\u00f6 r.y."},"content":{"rendered":"\n<h2 class=\"wp-block-heading\" id=\"yleista\">Yleist\u00e4<\/h2>\n\n\n\n<p>Opintoj\u00e4rjest\u00f6n toiminnan tavoite on kansansivistysty\u00f6, joka on  kaikkien saatavilla ja kulttuurin tuominen kaikkien saataville. Toiminta on matalan kynnyksen toimintaa.<\/p>\n\n\n\n<p>J\u00e4rjest\u00e4mme koulutusta kurssien ja luentojen muodossa, esityksi\u00e4 ja tapahtumia.<\/p>\n\n\n\n<h2 class=\"wp-block-heading\" id=\"kurssimateriaalia\">Kurssimateriaalia<\/h2>\n\n\n\n<ul class=\"wp-block-list\"><li><a href=\"https:\/\/github.com\/mnummeli\/tslespoo\/tree\/master\/kurssit\/node_js_perusteet\" data-type=\"URL\" data-id=\"https:\/\/github.com\/mnummeli\/tslespoo\/tree\/master\/kurssit\/node_js_perusteet\">Node.js, Javascript-ohjelmointikurssi<\/a><\/li><li><a rel=\"noreferrer noopener\" href=\"https:\/\/github.com\/mnummeli\/tslespoo\/tree\/master\/kurssit\/docker\" data-type=\"URL\" data-id=\"https:\/\/github.com\/mnummeli\/tslespoo\/tree\/master\/kurssit\/docker\" target=\"_blank\">Docker-konttiteknologiakurssi<\/a><\/li><li><a href=\"http:\/\/tslespoo.fi\/wordpress\/category\/matematiikka\/\" data-type=\"URL\" data-id=\"http:\/\/tslespoo.fi\/wordpress\/category\/matematiikka\/\">Matematiikan artikkelit<\/a><\/li><li><a rel=\"noreferrer noopener\" href=\"https:\/\/github.com\/mnummeli\/tslespoo\/tree\/master\/kurssit\/tietokoneshakki\" data-type=\"URL\" data-id=\"https:\/\/github.com\/mnummeli\/tslespoo\/tree\/master\/kurssit\/tietokoneshakki\" target=\"_blank\">Shakkiohjelmien asentaminen tietokoneelle<\/a><\/li><li><a href=\"https:\/\/tslespoo.fi\/wordpress\/category\/salapoliisiromaanit\/\" target=\"_blank\" rel=\"noreferrer noopener\">Murhamysteerej\u00e4 ja mestarietsivi\u00e4<\/a><\/li><\/ul>\n\n\n\n<p><\/p>\n","protected":false},"excerpt":{"rendered":"<p>Yleist\u00e4 Opintoj\u00e4rjest\u00f6n toiminnan tavoite on kansansivistysty\u00f6, joka on kaikkien saatavilla ja kulttuurin tuominen kaikkien saataville. Toiminta on matalan kynnyksen toimintaa. J\u00e4rjest\u00e4mme koulutusta kurssien ja luentojen muodossa, esityksi\u00e4 ja tapahtumia. Kurssimateriaalia Node.js, Javascript-ohjelmointikurssi Docker-konttiteknologiakurssi Matematiikan artikkelit Shakkiohjelmien asentaminen tietokoneelle Murhamysteerej\u00e4 ja mestarietsivi\u00e4<\/p>\n","protected":false},"author":2,"featured_media":0,"parent":0,"menu_order":0,"comment_status":"closed","ping_status":"closed","template":"","meta":{"footnotes":""},"class_list":["post-8","page","type-page","status-publish","hentry"],"_links":{"self":[{"href":"https:\/\/tslespoo.fi\/wordpress\/wp-json\/wp\/v2\/pages\/8","targetHints":{"allow":["GET"]}}],"collection":[{"href":"https:\/\/tslespoo.fi\/wordpress\/wp-json\/wp\/v2\/pages"}],"about":[{"href":"https:\/\/tslespoo.fi\/wordpress\/wp-json\/wp\/v2\/types\/page"}],"author":[{"embeddable":true,"href":"https:\/\/tslespoo.fi\/wordpress\/wp-json\/wp\/v2\/users\/2"}],"replies":[{"embeddable":true,"href":"https:\/\/tslespoo.fi\/wordpress\/wp-json\/wp\/v2\/comments?post=8"}],"version-history":[{"count":6,"href":"https:\/\/tslespoo.fi\/wordpress\/wp-json\/wp\/v2\/pages\/8\/revisions"}],"predecessor-version":[{"id":301,"href":"https:\/\/tslespoo.fi\/wordpress\/wp-json\/wp\/v2\/pages\/8\/revisions\/301"}],"wp:attachment":[{"href":"https:\/\/tslespoo.fi\/wordpress\/wp-json\/wp\/v2\/media?parent=8"}],"curies":[{"name":"wp","href":"https:\/\/api.w.org\/{rel}","templated":true}]}}